{"id":1576,"date":"2023-09-26T14:28:32","date_gmt":"2023-09-26T12:28:32","guid":{"rendered":"https:\/\/biadetox.com\/?page_id=1576"},"modified":"2023-09-26T18:26:17","modified_gmt":"2023-09-26T16:26:17","slug":"paniers-pic-nic","status":"publish","type":"page","link":"https:\/\/biadetox.com\/index.php\/paniers-pic-nic\/","title":{"rendered":"Paniers Pic-Nic"},"content":{"rendered":"\t\t<div data-elementor-type=\"wp-page\" data-elementor-id=\"1576\" class=\"elementor elementor-1576\" data-elementor-post-type=\"page\">\n\t\t\t\t\t\t<section class=\"elementor-section elementor-top-section elementor-element elementor-element-83746e8 elementor-section-height-min-height elementor-section-boxed elementor-section-height-default elementor-section-items-middle\" data-id=\"83746e8\" data-element_type=\"section\" data-e-type=\"section\" data-settings=\"{&quot;background_background&quot;:&quot;classic&quot;}\">\n\t\t\t\t\t\t\t<div class=\"elementor-background-overlay\"><\/div>\n\t\t\t\t\t\t\t<div class=\"elementor-container elementor-column-gap-default\">\n\t\t\t\t\t<div class=\"elementor-column elementor-col-100 elementor-top-column elementor-element elementor-element-09faee3\" data-id=\"09faee3\" data-element_type=\"column\" data-e-type=\"column\">\n\t\t\t<div class=\"elementor-widget-wrap elementor-element-populated\">\n\t\t\t\t\t\t<div class=\"elementor-element elementor-element-c7152a9 elementor-widget elementor-widget-heading\" data-id=\"c7152a9\" data-element_type=\"widget\" data-e-type=\"widget\" data-widget_type=\"heading.default\">\n\t\t\t\t<div class=\"elementor-widget-container\">\n\t\t\t\t\t<h1 class=\"elementor-heading-title elementor-size-default\">Paniers Pic-Nic<\/h1>\t\t\t\t<\/div>\n\t\t\t\t<\/div>\n\t\t\t\t\t<\/div>\n\t\t<\/div>\n\t\t\t\t\t<\/div>\n\t\t<\/section>\n\t\t\t\t<section class=\"elementor-section elementor-top-section elementor-element elementor-element-b6186b4 elementor-section-full_width elementor-section-height-default elementor-section-height-default\" data-id=\"b6186b4\" data-element_type=\"section\" data-e-type=\"section\" data-settings=\"{&quot;background_background&quot;:&quot;classic&quot;}\">\n\t\t\t\t\t\t<div class=\"elementor-container elementor-column-gap-default\">\n\t\t\t\t\t<div class=\"elementor-column elementor-col-100 elementor-top-column elementor-element elementor-element-82668e3\" data-id=\"82668e3\" data-element_type=\"column\" data-e-type=\"column\">\n\t\t\t<div class=\"elementor-widget-wrap elementor-element-populated\">\n\t\t\t\t\t\t<div class=\"elementor-element elementor-element-2449e1e elementor-widget elementor-widget-heading\" data-id=\"2449e1e\" data-element_type=\"widget\" data-e-type=\"widget\" data-widget_type=\"heading.default\">\n\t\t\t\t<div class=\"elementor-widget-container\">\n\t\t\t\t\t<h4 class=\"elementor-heading-title elementor-size-default\">Nos Paniers Pic-Nic \u00e0 emporter partout...<\/h4>\t\t\t\t<\/div>\n\t\t\t\t<\/div>\n\t\t\t\t<div class=\"elementor-element elementor-element-e71c832 elementor-widget elementor-widget-heading\" data-id=\"e71c832\" data-element_type=\"widget\" data-e-type=\"widget\" data-widget_type=\"heading.default\">\n\t\t\t\t<div class=\"elementor-widget-container\">\n\t\t\t\t\t<h2 class=\"elementor-heading-title elementor-size-default\">\u00c0 BASE DE PRODUITS FRAIS ET MAISON<\/h2>\t\t\t\t<\/div>\n\t\t\t\t<\/div>\n\t\t\t\t<section class=\"elementor-section elementor-inner-section elementor-element elementor-element-3405837 elementor-section-boxed elementor-section-height-default elementor-section-height-default\" data-id=\"3405837\" data-element_type=\"section\" data-e-type=\"section\">\n\t\t\t\t\t\t<div class=\"elementor-container elementor-column-gap-default\">\n\t\t\t\t\t<div class=\"elementor-column elementor-col-33 elementor-inner-column elementor-element elementor-element-d6a70db\" data-id=\"d6a70db\" data-element_type=\"column\" data-e-type=\"column\">\n\t\t\t<div class=\"elementor-widget-wrap elementor-element-populated\">\n\t\t\t\t\t\t<div class=\"elementor-element elementor-element-d41f545 elementor-widget elementor-widget-image\" data-id=\"d41f545\" data-element_type=\"widget\" data-e-type=\"widget\" data-widget_type=\"image.default\">\n\t\t\t\t<div class=\"elementor-widget-container\">\n\t\t\t\t\t\t\t\t\t\t\t\t\t\t\t<img fetchpriority=\"high\" decoding=\"async\" width=\"300\" height=\"300\" src=\"https:\/\/biadetox.com\/wp-content\/uploads\/2023\/09\/icone-homemade-2-300x300.jpg\" class=\"attachment-medium size-medium wp-image-1628\" alt=\"\" srcset=\"https:\/\/biadetox.com\/wp-content\/uploads\/2023\/09\/icone-homemade-2-300x300.jpg 300w, https:\/\/biadetox.com\/wp-content\/uploads\/2023\/09\/icone-homemade-2-150x150.jpg 150w, https:\/\/biadetox.com\/wp-content\/uploads\/2023\/09\/icone-homemade-2.jpg 500w\" sizes=\"(max-width: 300px) 100vw, 300px\" \/>\t\t\t\t\t\t\t\t\t\t\t\t\t\t\t<\/div>\n\t\t\t\t<\/div>\n\t\t\t\t<div class=\"elementor-element elementor-element-ba4e191 elementor-widget elementor-widget-heading\" data-id=\"ba4e191\" data-element_type=\"widget\" data-e-type=\"widget\" data-widget_type=\"heading.default\">\n\t\t\t\t<div class=\"elementor-widget-container\">\n\t\t\t\t\t<h4 class=\"elementor-heading-title elementor-size-default\">PANIER COUP DE SOLEIL<\/h4>\t\t\t\t<\/div>\n\t\t\t\t<\/div>\n\t\t\t\t<div class=\"elementor-element elementor-element-14e9367 elementor-widget elementor-widget-text-editor\" data-id=\"14e9367\" data-element_type=\"widget\" data-e-type=\"widget\" data-widget_type=\"text-editor.default\">\n\t\t\t\t<div class=\"elementor-widget-container\">\n\t\t\t\t\t\t\t\t\t<ul><li>Houmous (Curcuma\/Citron),<\/li><li>Crackers au romarin,<\/li><li>Salade (Past\u00e8que, Melon, Menthe, F\u00eata),<\/li><li>Sandwichs Ciabatta (Mozzarela, Pesto, Tomates, Roquettes),<\/li><li>Jus du jour,<\/li><li>Granola Bowl (Granola, Fromage Blanc, Topping de fruit)<\/li><\/ul>\t\t\t\t\t\t\t\t<\/div>\n\t\t\t\t<\/div>\n\t\t\t\t<div class=\"elementor-element elementor-element-9f36fdf elementor-widget elementor-widget-heading\" data-id=\"9f36fdf\" data-element_type=\"widget\" data-e-type=\"widget\" data-widget_type=\"heading.default\">\n\t\t\t\t<div class=\"elementor-widget-container\">\n\t\t\t\t\t<h2 class=\"elementor-heading-title elementor-size-default\">19\u20ac\/pers<\/h2>\t\t\t\t<\/div>\n\t\t\t\t<\/div>\n\t\t\t\t<div class=\"elementor-element elementor-element-0526889 elementor-widget elementor-widget-heading\" data-id=\"0526889\" data-element_type=\"widget\" data-e-type=\"widget\" data-widget_type=\"heading.default\">\n\t\t\t\t<div class=\"elementor-widget-container\">\n\t\t\t\t\t<h2 class=\"elementor-heading-title elementor-size-default\">90\u20ac pour 5 personnes<\/h2>\t\t\t\t<\/div>\n\t\t\t\t<\/div>\n\t\t\t\t<div class=\"elementor-element elementor-element-7a8139d elementor-widget elementor-widget-heading\" data-id=\"7a8139d\" data-element_type=\"widget\" data-e-type=\"widget\" data-widget_type=\"heading.default\">\n\t\t\t\t<div class=\"elementor-widget-container\">\n\t\t\t\t\t<h2 class=\"elementor-heading-title elementor-size-default\">170\u20ac pour 10 personnes<\/h2>\t\t\t\t<\/div>\n\t\t\t\t<\/div>\n\t\t\t\t\t<\/div>\n\t\t<\/div>\n\t\t\t\t<div class=\"elementor-column elementor-col-33 elementor-inner-column elementor-element elementor-element-8d1d60a\" data-id=\"8d1d60a\" data-element_type=\"column\" data-e-type=\"column\">\n\t\t\t<div class=\"elementor-widget-wrap elementor-element-populated\">\n\t\t\t\t\t\t<div class=\"elementor-element elementor-element-794f727 elementor-widget elementor-widget-image\" data-id=\"794f727\" data-element_type=\"widget\" data-e-type=\"widget\" data-widget_type=\"image.default\">\n\t\t\t\t<div class=\"elementor-widget-container\">\n\t\t\t\t\t\t\t\t\t\t\t\t\t\t\t<img fetchpriority=\"high\" decoding=\"async\" width=\"300\" height=\"300\" src=\"https:\/\/biadetox.com\/wp-content\/uploads\/2023\/09\/icone-homemade-2-300x300.jpg\" class=\"attachment-medium size-medium wp-image-1628\" alt=\"\" srcset=\"https:\/\/biadetox.com\/wp-content\/uploads\/2023\/09\/icone-homemade-2-300x300.jpg 300w, https:\/\/biadetox.com\/wp-content\/uploads\/2023\/09\/icone-homemade-2-150x150.jpg 150w, https:\/\/biadetox.com\/wp-content\/uploads\/2023\/09\/icone-homemade-2.jpg 500w\" sizes=\"(max-width: 300px) 100vw, 300px\" \/>\t\t\t\t\t\t\t\t\t\t\t\t\t\t\t<\/div>\n\t\t\t\t<\/div>\n\t\t\t\t<div class=\"elementor-element elementor-element-6fdc8b3 elementor-widget elementor-widget-heading\" data-id=\"6fdc8b3\" data-element_type=\"widget\" data-e-type=\"widget\" data-widget_type=\"heading.default\">\n\t\t\t\t<div class=\"elementor-widget-container\">\n\t\t\t\t\t<h4 class=\"elementor-heading-title elementor-size-default\">PANIER SUNSET<\/h4>\t\t\t\t<\/div>\n\t\t\t\t<\/div>\n\t\t\t\t<div class=\"elementor-element elementor-element-b5a98d2 elementor-widget elementor-widget-text-editor\" data-id=\"b5a98d2\" data-element_type=\"widget\" data-e-type=\"widget\" data-widget_type=\"text-editor.default\">\n\t\t\t\t<div class=\"elementor-widget-container\">\n\t\t\t\t\t\t\t\t\t<ul><li>Houmous (Curcuma\/Citron),<\/li><li>Crackers au romarin,<\/li><li>Guacamole<\/li><li>Charcuterie et baguette artisanale<\/li><li>Brochettes de tomates Mozarella<\/li><li>Dessert du jour<\/li><\/ul>\t\t\t\t\t\t\t\t<\/div>\n\t\t\t\t<\/div>\n\t\t\t\t<div class=\"elementor-element elementor-element-154389b elementor-widget elementor-widget-heading\" data-id=\"154389b\" data-element_type=\"widget\" data-e-type=\"widget\" data-widget_type=\"heading.default\">\n\t\t\t\t<div class=\"elementor-widget-container\">\n\t\t\t\t\t<h2 class=\"elementor-heading-title elementor-size-default\">19\u20ac\/pers<\/h2>\t\t\t\t<\/div>\n\t\t\t\t<\/div>\n\t\t\t\t<div class=\"elementor-element elementor-element-4102d16 elementor-widget elementor-widget-heading\" data-id=\"4102d16\" data-element_type=\"widget\" data-e-type=\"widget\" data-widget_type=\"heading.default\">\n\t\t\t\t<div class=\"elementor-widget-container\">\n\t\t\t\t\t<h2 class=\"elementor-heading-title elementor-size-default\">90\u20ac pour 5 personnes<\/h2>\t\t\t\t<\/div>\n\t\t\t\t<\/div>\n\t\t\t\t<div class=\"elementor-element elementor-element-38c468c elementor-widget elementor-widget-heading\" data-id=\"38c468c\" data-element_type=\"widget\" data-e-type=\"widget\" data-widget_type=\"heading.default\">\n\t\t\t\t<div class=\"elementor-widget-container\">\n\t\t\t\t\t<h2 class=\"elementor-heading-title elementor-size-default\">170\u20ac pour 10 personnes<\/h2>\t\t\t\t<\/div>\n\t\t\t\t<\/div>\n\t\t\t\t\t<\/div>\n\t\t<\/div>\n\t\t\t\t<div class=\"elementor-column elementor-col-33 elementor-inner-column elementor-element elementor-element-12df458\" data-id=\"12df458\" data-element_type=\"column\" data-e-type=\"column\">\n\t\t\t<div class=\"elementor-widget-wrap elementor-element-populated\">\n\t\t\t\t\t\t<div class=\"elementor-element elementor-element-ee1841b elementor-widget elementor-widget-image\" data-id=\"ee1841b\" data-element_type=\"widget\" data-e-type=\"widget\" data-widget_type=\"image.default\">\n\t\t\t\t<div class=\"elementor-widget-container\">\n\t\t\t\t\t\t\t\t\t\t\t\t\t\t\t<img fetchpriority=\"high\" decoding=\"async\" width=\"300\" height=\"300\" src=\"https:\/\/biadetox.com\/wp-content\/uploads\/2023\/09\/icone-homemade-2-300x300.jpg\" class=\"attachment-medium size-medium wp-image-1628\" alt=\"\" srcset=\"https:\/\/biadetox.com\/wp-content\/uploads\/2023\/09\/icone-homemade-2-300x300.jpg 300w, https:\/\/biadetox.com\/wp-content\/uploads\/2023\/09\/icone-homemade-2-150x150.jpg 150w, https:\/\/biadetox.com\/wp-content\/uploads\/2023\/09\/icone-homemade-2.jpg 500w\" sizes=\"(max-width: 300px) 100vw, 300px\" \/>\t\t\t\t\t\t\t\t\t\t\t\t\t\t\t<\/div>\n\t\t\t\t<\/div>\n\t\t\t\t<div class=\"elementor-element elementor-element-5ed19b4 elementor-widget elementor-widget-heading\" data-id=\"5ed19b4\" data-element_type=\"widget\" data-e-type=\"widget\" data-widget_type=\"heading.default\">\n\t\t\t\t<div class=\"elementor-widget-container\">\n\t\t\t\t\t<h4 class=\"elementor-heading-title elementor-size-default\">PANIER SUR MESURE<\/h4>\t\t\t\t<\/div>\n\t\t\t\t<\/div>\n\t\t\t\t<div class=\"elementor-element elementor-element-0559456 elementor-widget elementor-widget-text-editor\" data-id=\"0559456\" data-element_type=\"widget\" data-e-type=\"widget\" data-widget_type=\"text-editor.default\">\n\t\t\t\t<div class=\"elementor-widget-container\">\n\t\t\t\t\t\t\t\t\t<p>\u00c9labor\u00e9 selon vos envies<\/p>\t\t\t\t\t\t\t\t<\/div>\n\t\t\t\t<\/div>\n\t\t\t\t<div class=\"elementor-element elementor-element-d818870 elementor-widget elementor-widget-heading\" data-id=\"d818870\" data-element_type=\"widget\" data-e-type=\"widget\" data-widget_type=\"heading.default\">\n\t\t\t\t<div class=\"elementor-widget-container\">\n\t\t\t\t\t<h3 class=\"elementor-heading-title elementor-size-default\">Devis en fonction de votre demande<\/h3>\t\t\t\t<\/div>\n\t\t\t\t<\/div>\n\t\t\t\t\t<\/div>\n\t\t<\/div>\n\t\t\t\t\t<\/div>\n\t\t<\/section>\n\t\t\t\t\t<\/div>\n\t\t<\/div>\n\t\t\t\t\t<\/div>\n\t\t<\/section>\n\t\t\t\t<\/div>\n\t\t","protected":false},"excerpt":{"rendered":"<p>Paniers Pic-Nic Nos Paniers Pic-Nic \u00e0 emporter partout&#8230; \u00c0 BASE DE PRODUITS FRAIS ET MAISON PANIER COUP DE SOLEIL Houmous (Curcuma\/Citron), Crackers au romarin, Salade (Past\u00e8que, Melon, Menthe, F\u00eata), Sandwichs Ciabatta (Mozzarela, Pesto, Tomates, Roquettes), Jus du jour, Granola Bowl (Granola, Fromage Blanc, Topping de fruit) 19\u20ac\/pers 90\u20ac pour 5 personnes 170\u20ac pour 10 personnes [&hellip;]<\/p>\n","protected":false},"author":2,"featured_media":0,"parent":0,"menu_order":0,"comment_status":"closed","ping_status":"closed","template":"","meta":{"site-sidebar-layout":"no-sidebar","site-content-layout":"page-builder","ast-site-content-layout":"full-width-container","site-content-style":"unboxed","site-sidebar-style":"unboxed","ast-global-header-display":"","ast-banner-title-visibility":"","ast-main-header-display":"","ast-hfb-above-header-display":"","ast-hfb-below-header-display":"","ast-hfb-mobile-header-display":"","site-post-title":"disabled","ast-breadcrumbs-content":"","ast-featured-img":"disabled","footer-sml-layout":"","theme-transparent-header-meta":"enabled","adv-header-id-meta":"","stick-header-meta":"","header-above-stick-meta":"","header-main-stick-meta":"","header-below-stick-meta":"","astra-migrate-meta-layouts":"set","ast-page-background-enabled":"default","ast-page-background-meta":{"desktop":{"background-color":"var(--ast-global-color-4)","background-image":"","background-repeat":"repeat","background-position":"center center","background-size":"auto","background-attachment":"scroll","background-type":"","background-media":"","overlay-type":"","overlay-color":"","overlay-opacity":"","overlay-gradient":""},"tablet":{"background-color":"","background-image":"","background-repeat":"repeat","background-position":"center center","background-size":"auto","background-attachment":"scroll","background-type":"","background-media":"","overlay-type":"","overlay-color":"","overlay-opacity":"","overlay-gradient":""},"mobile":{"background-color":"","background-image":"","background-repeat":"repeat","background-position":"center center","background-size":"auto","background-attachment":"scroll","background-type":"","background-media":"","overlay-type":"","overlay-color":"","overlay-opacity":"","overlay-gradient":""}},"ast-content-background-meta":{"desktop":{"background-color":"var(--ast-global-color-5)","background-image":"","background-repeat":"repeat","background-position":"center center","background-size":"auto","background-attachment":"scroll","background-type":"","background-media":"","overlay-type":"","overlay-color":"","overlay-opacity":"","overlay-gradient":""},"tablet":{"background-color":"var(--ast-global-color-5)","background-image":"","background-repeat":"repeat","background-position":"center center","background-size":"auto","background-attachment":"scroll","background-type":"","background-media":"","overlay-type":"","overlay-color":"","overlay-opacity":"","overlay-gradient":""},"mobile":{"background-color":"var(--ast-global-color-5)","background-image":"","background-repeat":"repeat","background-position":"center center","background-size":"auto","background-attachment":"scroll","background-type":"","background-media":"","overlay-type":"","overlay-color":"","overlay-opacity":"","overlay-gradient":""}},"footnotes":""},"class_list":["post-1576","page","type-page","status-publish","hentry"],"yoast_head":"<!-- This site is optimized with the Yoast SEO plugin v27.4 - https:\/\/yoast.com\/product\/yoast-seo-wordpress\/ -->\n<title>Paniers Pic-Nic Healthy Food Toulouse et C\u00f4te Landaise - Bia<\/title>\n<meta name=\"description\" content=\"D\u00e9couvrez nos paniers pic-nic healthy food pour tous vos repas en ext\u00e9rieur. Des produits sains et de qualit\u00e9 pour se faire plaisir !\" \/>\n<meta name=\"robots\" content=\"index, follow, max-snippet:-1, max-image-preview:large, max-video-preview:-1\" \/>\n<link rel=\"canonical\" href=\"https:\/\/biadetox.com\/index.php\/paniers-pic-nic\/\" \/>\n<meta property=\"og:locale\" content=\"fr_FR\" \/>\n<meta property=\"og:type\" content=\"article\" \/>\n<meta property=\"og:title\" content=\"Paniers Pic-Nic Healthy Food Toulouse et C\u00f4te Landaise - Bia\" \/>\n<meta property=\"og:description\" content=\"D\u00e9couvrez nos paniers pic-nic healthy food pour tous vos repas en ext\u00e9rieur. Des produits sains et de qualit\u00e9 pour se faire plaisir !\" \/>\n<meta property=\"og:url\" content=\"https:\/\/biadetox.com\/index.php\/paniers-pic-nic\/\" \/>\n<meta property=\"og:site_name\" content=\"Bia\" \/>\n<meta property=\"article:modified_time\" content=\"2023-09-26T16:26:17+00:00\" \/>\n<meta property=\"og:image\" content=\"https:\/\/biadetox.com\/wp-content\/uploads\/2023\/09\/icone-homemade-2-300x300.jpg\" \/>\n<meta name=\"twitter:card\" content=\"summary_large_image\" \/>\n<meta name=\"twitter:label1\" content=\"Dur\u00e9e de lecture estim\u00e9e\" \/>\n\t<meta name=\"twitter:data1\" content=\"2 minutes\" \/>\n<script type=\"application\/ld+json\" class=\"yoast-schema-graph\">{\"@context\":\"https:\\\/\\\/schema.org\",\"@graph\":[{\"@type\":\"WebPage\",\"@id\":\"https:\\\/\\\/biadetox.com\\\/index.php\\\/paniers-pic-nic\\\/\",\"url\":\"https:\\\/\\\/biadetox.com\\\/index.php\\\/paniers-pic-nic\\\/\",\"name\":\"Paniers Pic-Nic Healthy Food Toulouse et C\u00f4te Landaise - Bia\",\"isPartOf\":{\"@id\":\"https:\\\/\\\/biadetox.com\\\/#website\"},\"primaryImageOfPage\":{\"@id\":\"https:\\\/\\\/biadetox.com\\\/index.php\\\/paniers-pic-nic\\\/#primaryimage\"},\"image\":{\"@id\":\"https:\\\/\\\/biadetox.com\\\/index.php\\\/paniers-pic-nic\\\/#primaryimage\"},\"thumbnailUrl\":\"https:\\\/\\\/biadetox.com\\\/wp-content\\\/uploads\\\/2023\\\/09\\\/icone-homemade-2-300x300.jpg\",\"datePublished\":\"2023-09-26T12:28:32+00:00\",\"dateModified\":\"2023-09-26T16:26:17+00:00\",\"description\":\"D\u00e9couvrez nos paniers pic-nic healthy food pour tous vos repas en ext\u00e9rieur. Des produits sains et de qualit\u00e9 pour se faire plaisir !\",\"breadcrumb\":{\"@id\":\"https:\\\/\\\/biadetox.com\\\/index.php\\\/paniers-pic-nic\\\/#breadcrumb\"},\"inLanguage\":\"fr-FR\",\"potentialAction\":[{\"@type\":\"ReadAction\",\"target\":[\"https:\\\/\\\/biadetox.com\\\/index.php\\\/paniers-pic-nic\\\/\"]}]},{\"@type\":\"ImageObject\",\"inLanguage\":\"fr-FR\",\"@id\":\"https:\\\/\\\/biadetox.com\\\/index.php\\\/paniers-pic-nic\\\/#primaryimage\",\"url\":\"https:\\\/\\\/biadetox.com\\\/wp-content\\\/uploads\\\/2023\\\/09\\\/icone-homemade-2.jpg\",\"contentUrl\":\"https:\\\/\\\/biadetox.com\\\/wp-content\\\/uploads\\\/2023\\\/09\\\/icone-homemade-2.jpg\",\"width\":500,\"height\":500},{\"@type\":\"BreadcrumbList\",\"@id\":\"https:\\\/\\\/biadetox.com\\\/index.php\\\/paniers-pic-nic\\\/#breadcrumb\",\"itemListElement\":[{\"@type\":\"ListItem\",\"position\":1,\"name\":\"Accueil\",\"item\":\"https:\\\/\\\/biadetox.com\\\/\"},{\"@type\":\"ListItem\",\"position\":2,\"name\":\"Paniers Pic-Nic\"}]},{\"@type\":\"WebSite\",\"@id\":\"https:\\\/\\\/biadetox.com\\\/#website\",\"url\":\"https:\\\/\\\/biadetox.com\\\/\",\"name\":\"Bia\",\"description\":\"Fournisseur de saveurs...\",\"publisher\":{\"@id\":\"https:\\\/\\\/biadetox.com\\\/#organization\"},\"potentialAction\":[{\"@type\":\"SearchAction\",\"target\":{\"@type\":\"EntryPoint\",\"urlTemplate\":\"https:\\\/\\\/biadetox.com\\\/?s={search_term_string}\"},\"query-input\":{\"@type\":\"PropertyValueSpecification\",\"valueRequired\":true,\"valueName\":\"search_term_string\"}}],\"inLanguage\":\"fr-FR\"},{\"@type\":\"Organization\",\"@id\":\"https:\\\/\\\/biadetox.com\\\/#organization\",\"name\":\"Bia\",\"url\":\"https:\\\/\\\/biadetox.com\\\/\",\"logo\":{\"@type\":\"ImageObject\",\"inLanguage\":\"fr-FR\",\"@id\":\"https:\\\/\\\/biadetox.com\\\/#\\\/schema\\\/logo\\\/image\\\/\",\"url\":\"https:\\\/\\\/biadetox.com\\\/wp-content\\\/uploads\\\/2023\\\/09\\\/logo-det-bia-1.png\",\"contentUrl\":\"https:\\\/\\\/biadetox.com\\\/wp-content\\\/uploads\\\/2023\\\/09\\\/logo-det-bia-1.png\",\"width\":500,\"height\":500,\"caption\":\"Bia\"},\"image\":{\"@id\":\"https:\\\/\\\/biadetox.com\\\/#\\\/schema\\\/logo\\\/image\\\/\"}}]}<\/script>\n<!-- \/ Yoast SEO plugin. -->","yoast_head_json":{"title":"Paniers Pic-Nic Healthy Food Toulouse et C\u00f4te Landaise - Bia","description":"D\u00e9couvrez nos paniers pic-nic healthy food pour tous vos repas en ext\u00e9rieur. Des produits sains et de qualit\u00e9 pour se faire plaisir !","robots":{"index":"index","follow":"follow","max-snippet":"max-snippet:-1","max-image-preview":"max-image-preview:large","max-video-preview":"max-video-preview:-1"},"canonical":"https:\/\/biadetox.com\/index.php\/paniers-pic-nic\/","og_locale":"fr_FR","og_type":"article","og_title":"Paniers Pic-Nic Healthy Food Toulouse et C\u00f4te Landaise - Bia","og_description":"D\u00e9couvrez nos paniers pic-nic healthy food pour tous vos repas en ext\u00e9rieur. Des produits sains et de qualit\u00e9 pour se faire plaisir !","og_url":"https:\/\/biadetox.com\/index.php\/paniers-pic-nic\/","og_site_name":"Bia","article_modified_time":"2023-09-26T16:26:17+00:00","og_image":[{"url":"https:\/\/biadetox.com\/wp-content\/uploads\/2023\/09\/icone-homemade-2-300x300.jpg","type":"","width":"","height":""}],"twitter_card":"summary_large_image","twitter_misc":{"Dur\u00e9e de lecture estim\u00e9e":"2 minutes"},"schema":{"@context":"https:\/\/schema.org","@graph":[{"@type":"WebPage","@id":"https:\/\/biadetox.com\/index.php\/paniers-pic-nic\/","url":"https:\/\/biadetox.com\/index.php\/paniers-pic-nic\/","name":"Paniers Pic-Nic Healthy Food Toulouse et C\u00f4te Landaise - Bia","isPartOf":{"@id":"https:\/\/biadetox.com\/#website"},"primaryImageOfPage":{"@id":"https:\/\/biadetox.com\/index.php\/paniers-pic-nic\/#primaryimage"},"image":{"@id":"https:\/\/biadetox.com\/index.php\/paniers-pic-nic\/#primaryimage"},"thumbnailUrl":"https:\/\/biadetox.com\/wp-content\/uploads\/2023\/09\/icone-homemade-2-300x300.jpg","datePublished":"2023-09-26T12:28:32+00:00","dateModified":"2023-09-26T16:26:17+00:00","description":"D\u00e9couvrez nos paniers pic-nic healthy food pour tous vos repas en ext\u00e9rieur. Des produits sains et de qualit\u00e9 pour se faire plaisir !","breadcrumb":{"@id":"https:\/\/biadetox.com\/index.php\/paniers-pic-nic\/#breadcrumb"},"inLanguage":"fr-FR","potentialAction":[{"@type":"ReadAction","target":["https:\/\/biadetox.com\/index.php\/paniers-pic-nic\/"]}]},{"@type":"ImageObject","inLanguage":"fr-FR","@id":"https:\/\/biadetox.com\/index.php\/paniers-pic-nic\/#primaryimage","url":"https:\/\/biadetox.com\/wp-content\/uploads\/2023\/09\/icone-homemade-2.jpg","contentUrl":"https:\/\/biadetox.com\/wp-content\/uploads\/2023\/09\/icone-homemade-2.jpg","width":500,"height":500},{"@type":"BreadcrumbList","@id":"https:\/\/biadetox.com\/index.php\/paniers-pic-nic\/#breadcrumb","itemListElement":[{"@type":"ListItem","position":1,"name":"Accueil","item":"https:\/\/biadetox.com\/"},{"@type":"ListItem","position":2,"name":"Paniers Pic-Nic"}]},{"@type":"WebSite","@id":"https:\/\/biadetox.com\/#website","url":"https:\/\/biadetox.com\/","name":"Bia","description":"Fournisseur de saveurs...","publisher":{"@id":"https:\/\/biadetox.com\/#organization"},"potentialAction":[{"@type":"SearchAction","target":{"@type":"EntryPoint","urlTemplate":"https:\/\/biadetox.com\/?s={search_term_string}"},"query-input":{"@type":"PropertyValueSpecification","valueRequired":true,"valueName":"search_term_string"}}],"inLanguage":"fr-FR"},{"@type":"Organization","@id":"https:\/\/biadetox.com\/#organization","name":"Bia","url":"https:\/\/biadetox.com\/","logo":{"@type":"ImageObject","inLanguage":"fr-FR","@id":"https:\/\/biadetox.com\/#\/schema\/logo\/image\/","url":"https:\/\/biadetox.com\/wp-content\/uploads\/2023\/09\/logo-det-bia-1.png","contentUrl":"https:\/\/biadetox.com\/wp-content\/uploads\/2023\/09\/logo-det-bia-1.png","width":500,"height":500,"caption":"Bia"},"image":{"@id":"https:\/\/biadetox.com\/#\/schema\/logo\/image\/"}}]}},"_links":{"self":[{"href":"https:\/\/biadetox.com\/index.php\/wp-json\/wp\/v2\/pages\/1576","targetHints":{"allow":["GET"]}}],"collection":[{"href":"https:\/\/biadetox.com\/index.php\/wp-json\/wp\/v2\/pages"}],"about":[{"href":"https:\/\/biadetox.com\/index.php\/wp-json\/wp\/v2\/types\/page"}],"author":[{"embeddable":true,"href":"https:\/\/biadetox.com\/index.php\/wp-json\/wp\/v2\/users\/2"}],"replies":[{"embeddable":true,"href":"https:\/\/biadetox.com\/index.php\/wp-json\/wp\/v2\/comments?post=1576"}],"version-history":[{"count":40,"href":"https:\/\/biadetox.com\/index.php\/wp-json\/wp\/v2\/pages\/1576\/revisions"}],"predecessor-version":[{"id":1657,"href":"https:\/\/biadetox.com\/index.php\/wp-json\/wp\/v2\/pages\/1576\/revisions\/1657"}],"wp:attachment":[{"href":"https:\/\/biadetox.com\/index.php\/wp-json\/wp\/v2\/media?parent=1576"}],"curies":[{"name":"wp","href":"https:\/\/api.w.org\/{rel}","templated":true}]}}